{"id":329,"date":"2016-07-07T07:05:41","date_gmt":"2016-07-07T07:05:41","guid":{"rendered":"http:\/\/www.glucotab.at\/?page_id=329&#038;lang=de"},"modified":"2022-07-21T21:59:46","modified_gmt":"2022-07-21T19:59:46","slug":"glucotab-technologie","status":"publish","type":"page","link":"https:\/\/www.glucotab.at\/de\/glucotab\/glucotab-technologie\/","title":{"rendered":"GlucoTab\u00ae Technologie"},"content":{"rendered":"<p>[vc_row][vc_column width=&#8220;1\/3&#8243;][vc_column_text]<strong>Zwei Benutzerinterface Varianten f\u00fcr alle Bedingungen:<\/strong><\/p>\n<ul>\n<li>Mit der Tablet PC Bedienoberfl\u00e4che ist die Behandlung direkt am Patientenbett m\u00f6glich.<\/li>\n<li>Die Web Browser Bedienoberfl\u00e4che erlaubt den Zugriff vom Desktop PC aus und die Integration mit Krankenhaus-Informationssystemen.<\/li>\n<\/ul>\n<p>[\/vc_column_text][\/vc_column][vc_column width=&#8220;2\/3&#8243;][vc_single_image image=&#8220;7826&#8243; img_size=&#8220;full&#8220; css_animation=&#8220;right-to-left&#8220;][\/vc_column][\/vc_row][vc_row][vc_column][vc_column_text]<\/p>\n<p style=\"text-align: justify;\">Datenspeicherung und alle sicherheitsrelevanten Berechnungen werden auf einem lokalen Server durchgef\u00fchrt. Das garantiert Datensicherheit und M\u00f6glichkeit zum Datenaustausch mit dem Krankenhaus-Informationssystem.\u00a0Im Prinzip l\u00e4uft GlucoTab in jedem Krankenhaus, das \u00fcber ein Krankenhaus-Informationssystem verf\u00fcgt.<\/p>\n<p>[\/vc_column_text][\/vc_column][\/vc_row][vc_row][vc_column css_animation=&#8220;fadeInLeft&#8220; width=&#8220;1\/2&#8243;]<\/p>\n<div class=\"true-features  ldjdNQEF tt_animate_none\"><i class=\"true-custom-icon fa fa fa-bars\"><\/i><\/p>\n<div class=\"true-description\"><strong>HL7 ADT Schnittstelle f\u00fcr Patienten Stammdaten <\/strong>h\u00e4lt die Daten der Patienten in der Station aktuell.<\/div>\n<\/div>\n<p>[vc_empty_space height=&#8220;25px&#8220;]<\/p>\n<div class=\"true-features  sRqUkDJw tt_animate_none\"><i class=\"true-custom-icon fa fa fa-check-square-o\"><\/i><\/p>\n<div class=\"true-description\">\u00dcbermittlung von <strong>Patienten Status und offenen Aufgaben<\/strong> zur Anzeige im Krankenhaus-Informationssystem<\/div>\n<\/div>\n<p>[vc_empty_space height=&#8220;25px&#8220;]<\/p>\n<div class=\"true-features  zXslBBxl tt_animate_none\"><i class=\"true-custom-icon fa fa fa-flask\"><\/i><\/p>\n<div class=\"true-description\"><strong>HL7 Labordaten Schnittstelle <\/strong>f\u00fcr den Import von Laborwerten oder Blutzucker-Messwerten von PoCT Messger\u00e4ten<\/div>\n<\/div>\n<p>[vc_empty_space height=&#8220;25px&#8220;]<\/p>\n<div class=\"true-features  FNzTzQAo tt_animate_none\"><i class=\"true-custom-icon fa fa fa-laptop\"><\/i><\/p>\n<div class=\"true-description\"><strong>GUI Integration in Krankenhaus-Informationssysteme:<\/strong> Offene Aufgaben werden im klinischen Arbeitsplatz angezeigt. GlucoTab kann in-place ausgef\u00fchrt werden, kein extra Login erforderlich.<br \/>\nF\u00fcr die Integration in i.s.h.med mit Einbettung ins SAP GUI steht eine \u201eplug and play\u201c L\u00f6sung zur Verf\u00fcgung.<\/div>\n<\/div>\n<p>[\/vc_column][vc_column css_animation=&#8220;fadeInRight&#8220; width=&#8220;1\/2&#8243;]<\/p>\n<div class=\"true-features  ojaOkzyR tt_animate_none\"><i class=\"true-custom-icon fa fa fa-medkit\"><\/i><\/p>\n<div class=\"true-description\"><strong>Integration in elektronische Medikation<\/strong> (in Entwicklung f\u00fcr i.s.h.med). Verordnungen und durchgef\u00fchrte Medikamentengaben werden aus GlucoTab an das Medikationssystem \u00fcbermittelt, Vortherapie und verordnete Therapie kann \u00fcber Schnittstelle \u00fcbernommen werden, Dispensierung von OADs nicht mehr in GlucoTab sondern mit den anderen Tabletten im Medikationssystem.<\/div>\n<\/div>\n<p>[vc_empty_space height=&#8220;5px&#8220;]<\/p>\n<div class=\"true-features  nPhdDjab tt_animate_none\"><i class=\"true-custom-icon fa fa fa-sign-in\"><\/i><\/p>\n<div class=\"true-description\"><strong>Benutzerauthentifizierung <\/strong>am Tablet kann mit einem bestehenden Benutzer- und Rollenmanagement (Windows Active Directory) durchgef\u00fchrt werden. So brauchen sich die Benutzer keine neuen Passw\u00f6rter zu merken.<\/div>\n<\/div>\n<p>[vc_empty_space height=&#8220;5px&#8220;]<\/p>\n<div class=\"true-features  MoNToikk tt_animate_none\"><i class=\"true-custom-icon fa fa fa-lock\"><\/i><\/p>\n<div class=\"true-description\"><strong>Tablets<\/strong>: Sicherheitsma\u00dfnahmen wie Sperrung von Funktionen und Kiosk-Modus sind umgesetzt, k\u00f6nnen wahlweise auch durch Mobile Device Management L\u00f6sungen des Betreibers sichergestellt werden.<\/div>\n<\/div>\n<p>[vc_empty_space height=&#8220;10px&#8220;]<\/p>\n<div class=\"true-features  DLBUqEsk tt_animate_none\"><i class=\"true-custom-icon fa fa fa-wifi\"><\/i><\/p>\n<div class=\"true-description\">F\u00fcr den Betrieb von Tablets ist gute <strong>WLAN<\/strong> Abdeckung erforderlich.<\/div>\n<\/div>\n<p>[\/vc_column][\/vc_row]<\/p>\n","protected":false},"excerpt":{"rendered":"<p>[vc_row][vc_column width=&#8220;1\/3&#8243;][vc_column_text]Zwei Benutzerinterface Varianten f\u00fcr alle Bedingungen: Mit der Tablet PC Bedienoberfl\u00e4che ist die Behandlung direkt am Patientenbett m\u00f6glich. Die Web Browser Bedienoberfl\u00e4che erlaubt den Zugriff vom Desktop PC aus und die Integration mit Krankenhaus-Informationssystemen. [\/vc_column_text][\/vc_column][vc_column width=&#8220;2\/3&#8243;][vc_single_image image=&#8220;7826&#8243; img_size=&#8220;full&#8220; css_animation=&#8220;right-to-left&#8220;][\/vc_column][\/vc_row][vc_row][vc_column][vc_column_text] Datenspeicherung und alle sicherheitsrelevanten Berechnungen werden auf einem lokalen Server durchgef\u00fchrt. Das garantiert Datensicherheit und [&hellip;]<\/p>\n","protected":false},"author":1,"featured_media":0,"parent":362,"menu_order":0,"comment_status":"closed","ping_status":"closed","template":"","meta":{"cybocfi_hide_featured_image":"","footnotes":""},"class_list":["post-329","page","type-page","status-publish","hentry"],"_links":{"self":[{"href":"https:\/\/www.glucotab.at\/de\/wp-json\/wp\/v2\/pages\/329","targetHints":{"allow":["GET"]}}],"collection":[{"href":"https:\/\/www.glucotab.at\/de\/wp-json\/wp\/v2\/pages"}],"about":[{"href":"https:\/\/www.glucotab.at\/de\/wp-json\/wp\/v2\/types\/page"}],"author":[{"embeddable":true,"href":"https:\/\/www.glucotab.at\/de\/wp-json\/wp\/v2\/users\/1"}],"replies":[{"embeddable":true,"href":"https:\/\/www.glucotab.at\/de\/wp-json\/wp\/v2\/comments?post=329"}],"version-history":[{"count":16,"href":"https:\/\/www.glucotab.at\/de\/wp-json\/wp\/v2\/pages\/329\/revisions"}],"predecessor-version":[{"id":17708,"href":"https:\/\/www.glucotab.at\/de\/wp-json\/wp\/v2\/pages\/329\/revisions\/17708"}],"up":[{"embeddable":true,"href":"https:\/\/www.glucotab.at\/de\/wp-json\/wp\/v2\/pages\/362"}],"wp:attachment":[{"href":"https:\/\/www.glucotab.at\/de\/wp-json\/wp\/v2\/media?parent=329"}],"curies":[{"name":"wp","href":"https:\/\/api.w.org\/{rel}","templated":true}]}}