{"id":323,"date":"2016-06-14T07:26:16","date_gmt":"2016-06-14T07:26:16","guid":{"rendered":"http:\/\/www.glucotab.at\/your-benefit\/?lang=de"},"modified":"2019-05-17T18:09:05","modified_gmt":"2019-05-17T18:09:05","slug":"ihr-nutzen","status":"publish","type":"page","link":"https:\/\/www.glucotab.at\/de\/glucotab\/ihr-nutzen\/","title":{"rendered":"Ihr Nutzen"},"content":{"rendered":"<p>[vc_row][vc_column width=&#8220;1\/3&#8243;]<\/p>\n<div class=\"true-image-box-1 tt_animate_none  iUrlieLh\">\n<div class=\"true-img-wrap\"><img loading=\"lazy\" decoding=\"async\" width=\"700\" height=\"521\" src=\"https:\/\/www.glucotab.at\/wp-content\/uploads\/Benefit-standardisation.jpg\" class=\"attachment-large size-large\" alt=\"\" srcset=\"https:\/\/www.glucotab.at\/wp-content\/uploads\/Benefit-standardisation.jpg 700w, https:\/\/www.glucotab.at\/wp-content\/uploads\/Benefit-standardisation-300x223.jpg 300w\" sizes=\"auto, (max-width: 700px) 100vw, 700px\" \/><\/div>\n<div class=\"true-text-wrap\">\n<div class=\"callout-heading-wrap true-montserrat\">\n<h4><\/h4>\n<h3>Standardisierung von Prozessen<\/h3>\n<\/div>\n<div class=\"callout-details-wrap\">\n<ul>\n<li><strong>Qualit\u00e4t<\/strong>: Stellt sicher, dass Messungen durchgef\u00fchrt und entsprechende Ma\u00dfnahmen ergriffen werden.<\/li>\n<li><strong>Effizienz<\/strong>: Verminderung der Arbeitsbelastung durch standardisierte Prozesse<\/li>\n<li><strong>Kostenreduktion<\/strong>: Reduktion von Komplikationen<sup>*)<\/sup> kann jetzt auf kosteneffektive Weise erreicht werden.<\/li>\n<\/ul>\n<p style=\"font-size: 10px;\"><sup>*)<\/sup> Murad et al. J Clin Endocrinol Metab. 97(1), 2012.<\/p>\n<\/div>\n<\/div>\n<\/div>\n<p>[\/vc_column][vc_column width=&#8220;1\/3&#8243;]<\/p>\n<div class=\"true-image-box-1 tt_animate_none  bGOHNdtD\">\n<div class=\"true-img-wrap\"><img loading=\"lazy\" decoding=\"async\" width=\"700\" height=\"521\" src=\"https:\/\/www.glucotab.at\/wp-content\/uploads\/Benefit-descision-support.jpg\" class=\"attachment-large size-large\" alt=\"\" srcset=\"https:\/\/www.glucotab.at\/wp-content\/uploads\/Benefit-descision-support.jpg 700w, https:\/\/www.glucotab.at\/wp-content\/uploads\/Benefit-descision-support-300x223.jpg 300w\" sizes=\"auto, (max-width: 700px) 100vw, 700px\" \/><\/div>\n<div class=\"true-text-wrap\">\n<div class=\"callout-heading-wrap true-montserrat\">\n<h4><\/h4>\n<h3>Unterst\u00fctzung bei klinischen Entscheidungen<\/h3>\n<\/div>\n<div class=\"callout-details-wrap\">\n<ul>\n<li>Durch die Digitalisierung <strong>werden Fehler vermieden<\/strong>, die in der Kommunikation und in der Dosisberechnung passieren k\u00f6nnen.<\/li>\n<li>Die vom System berechneten Dosierungsvorschl\u00e4ge und die stets aktuelle \u00dcbersicht \u00fcber abgeschlossene und noch offene Aufgaben <strong>nimmt Druck vom medizinischen Personal<\/strong>.<\/li>\n<li>Das erh\u00f6ht die Effizienz der Abl\u00e4ufe, da keine Werte mehr h\u00e4ndisch gesucht werden m\u00fcssen und <strong>viel weniger R\u00fcckfragen<\/strong> der Pflege bei den \u00c4rzten notwendig sind.<\/li>\n<li>Trotzdem bleibt die <strong>Entscheidungsfreiheit<\/strong> immer bei den Anwendern \u2013 sie haben immer die volle Kontrolle \u00fcber den Behandlungsprozess.<\/li>\n<\/ul>\n<\/div>\n<\/div>\n<\/div>\n<p>[\/vc_column][vc_column width=&#8220;1\/3&#8243;]<\/p>\n<div class=\"true-image-box-1 tt_animate_none  mYDFhUUF\">\n<div class=\"true-img-wrap\"><img loading=\"lazy\" decoding=\"async\" width=\"700\" height=\"521\" src=\"https:\/\/www.glucotab.at\/wp-content\/uploads\/Benefit-improvement.jpg\" class=\"attachment-large size-large\" alt=\"\" srcset=\"https:\/\/www.glucotab.at\/wp-content\/uploads\/Benefit-improvement.jpg 700w, https:\/\/www.glucotab.at\/wp-content\/uploads\/Benefit-improvement-300x223.jpg 300w\" sizes=\"auto, (max-width: 700px) 100vw, 700px\" \/><\/div>\n<div class=\"true-text-wrap\">\n<div class=\"callout-heading-wrap true-montserrat\">\n<h4><\/h4>\n<h3>Verbesserung der Blutzucker-Einstellung<\/h3>\n<\/div>\n<div class=\"callout-details-wrap\">\n<ul>\n<li>Die Klinische Evaluierung der GlucoTab Basis-Bolus Insulintherapie hat best\u00e4tigt, dass der mittlere Blutzucker im Vergleich zur Standardversorgung um 20% gesenkt wurde.<\/li>\n<li>Im Vergleich zu best-practice Studien kann der Anteil der Blutzuckerwerte im Zielbereich deutlich erh\u00f6ht werden, ohne die Anzahl der Unterzuckerungen zu erh\u00f6hen.<\/li>\n<\/ul>\n<p>siehe <a href=\"https:\/\/www.glucotab.at\/de\/category\/publikationen\/\">Publikationen<\/a><\/div>\n<\/div>\n<\/div>\n<p>[\/vc_column][\/vc_row]<\/p>\n","protected":false},"excerpt":{"rendered":"<p>[vc_row][vc_column width=&#8220;1\/3&#8243;][\/vc_column][vc_column width=&#8220;1\/3&#8243;][\/vc_column][vc_column width=&#8220;1\/3&#8243;][\/vc_column][\/vc_row]<\/p>\n","protected":false},"author":1,"featured_media":0,"parent":362,"menu_order":0,"comment_status":"closed","ping_status":"closed","template":"","meta":{"cybocfi_hide_featured_image":"","footnotes":""},"class_list":["post-323","page","type-page","status-publish","hentry"],"_links":{"self":[{"href":"https:\/\/www.glucotab.at\/de\/wp-json\/wp\/v2\/pages\/323","targetHints":{"allow":["GET"]}}],"collection":[{"href":"https:\/\/www.glucotab.at\/de\/wp-json\/wp\/v2\/pages"}],"about":[{"href":"https:\/\/www.glucotab.at\/de\/wp-json\/wp\/v2\/types\/page"}],"author":[{"embeddable":true,"href":"https:\/\/www.glucotab.at\/de\/wp-json\/wp\/v2\/users\/1"}],"replies":[{"embeddable":true,"href":"https:\/\/www.glucotab.at\/de\/wp-json\/wp\/v2\/comments?post=323"}],"version-history":[{"count":9,"href":"https:\/\/www.glucotab.at\/de\/wp-json\/wp\/v2\/pages\/323\/revisions"}],"predecessor-version":[{"id":7814,"href":"https:\/\/www.glucotab.at\/de\/wp-json\/wp\/v2\/pages\/323\/revisions\/7814"}],"up":[{"embeddable":true,"href":"https:\/\/www.glucotab.at\/de\/wp-json\/wp\/v2\/pages\/362"}],"wp:attachment":[{"href":"https:\/\/www.glucotab.at\/de\/wp-json\/wp\/v2\/media?parent=323"}],"curies":[{"name":"wp","href":"https:\/\/api.w.org\/{rel}","templated":true}]}}