{"id":304,"date":"2016-07-07T06:09:32","date_gmt":"2016-07-07T06:09:32","guid":{"rendered":"http:\/\/www.glucotab.at\/?page_id=304&#038;lang=de"},"modified":"2022-07-21T21:59:09","modified_gmt":"2022-07-21T19:59:09","slug":"process","status":"publish","type":"page","link":"https:\/\/www.glucotab.at\/de\/glucotab\/process\/","title":{"rendered":"Prozess"},"content":{"rendered":"<p>[vc_row][vc_column][vc_column_text]<\/p>\n<h4 style=\"text-align: left;\">GlucoTab\u00ae erm\u00f6glicht die elektronische Planung, Durchf\u00fchrung und Dokumentation aller Arbeitsschritte im station\u00e4ren Blutzuckermanagement.<\/h4>\n<p style=\"text-align: justify;\">\u00c4rzten und Pflegekr\u00e4ften werden alle relevanten Informationen kontext-sensitiv zur Verf\u00fcgung gestellt. Der Workflow wird durch entsprechende Erinnerungsfunktionen unterst\u00fctzt. Damit erm\u00f6glicht GlucoTab\u00ae eine vollst\u00e4ndige elektronische Abbildung des Blutzuckermanagements und entlastet das Personal von administrativen T\u00e4tigkeiten.<\/p>\n<p>[\/vc_column_text][\/vc_column][\/vc_row][vc_row][vc_column][vc_column_text]<\/p>\n<h3>GlucoTab Therapie-Algorithmen f\u00fcr Insulintherapie<\/h3>\n<p>Die automatischen Insulindosierungsvorschl\u00e4ge f\u00fcr lang- und kurzwirksames Insulin und die Abfolge der Aufgaben f\u00fcr Pflege und \u00c4rzte basieren auf einem von zwei regelbasierten Algorithmen. Der strukturierte Prozess und die Unterst\u00fctzung der Insulindosierung wurden erfolgreich in klinischen Studien evaluiert und optimiert.[\/vc_column_text][\/vc_column][\/vc_row][vc_row][vc_column css_animation=&#8220;fadeInLeft&#8220; width=&#8220;1\/2&#8243;]<\/p>\n<div class=\"true-features  CEpQzkon tt_animate_none\"><i class=\"true-custom-icon fa fa fa-user-md\"><\/i><\/p>\n<div class=\"true-description\">Die <strong>initiale Verordnung<\/strong> der Therapie erfordert die Auswahl eines f\u00fcr den Patienten geeigneten Therapieregimes und erfolgt daher durch einen Arzt\/eine \u00c4rztin. <strong>Basis-Bolus Therapie<\/strong> und <strong>Basalinsulintherapie<\/strong> stehen mit Algorithmusunterst\u00fctzung zur Verf\u00fcgung. Alle weiteren Schritte k\u00f6nnen von der Pflege durchgef\u00fchrt werden (durch Benutzerrollen konfigurierbar).<\/div>\n<\/div>\n<div class=\"true-features  zBbRsWpd tt_animate_none\"><i class=\"true-custom-icon fa fa fa-play\"><\/i><\/p>\n<div class=\"true-description\">Beim <strong>Therapiestart<\/strong> schl\u00e4gt GlucoTab eine sichere Startdosis vor.<br \/>\nAlternativ kann die Startdosis vom Arzt frei festgelegt werden, wenn es aus der Vortherapie bereits Anhaltspunkte f\u00fcr den Insulinbedarf gibt.<\/div>\n<\/div>\n<div class=\"true-features  OoeSyEHx tt_animate_none\"><i class=\"true-custom-icon fa fa fa-calculator\"><\/i><\/p>\n<div class=\"true-description\">Die <strong>einzelnen Insulingaben<\/strong> erfolgen <strong>durch die Pflege<\/strong>.<\/p>\n<p>Die <strong>Dosisberechnung<\/strong> ber\u00fccksichtigt den aktuellen Blutzuckerwert und Mahlzeit sowie das von vorherigen Insulingaben noch im K\u00f6rper wirksame \u201eon board\u201c Insulin, sodass eine R\u00fccksprache mit einem Arzt normalerweise nicht notwendig ist.<\/div>\n<\/div>\n<p>[\/vc_column][vc_column css_animation=&#8220;fadeInRight&#8220; width=&#8220;1\/2&#8243;]<\/p>\n<div class=\"true-features  aSbIOdUX tt_animate_none\"><i class=\"true-custom-icon fa fa fa-bar-chart\"><\/i><\/p>\n<div class=\"true-description\">Durch die <strong>Dosisvorschl\u00e4ge<\/strong> bei der regelm\u00e4\u00dfigen <strong>Anpassung der Tagesinsulindosis<\/strong> erfolgt eine schrittweise und sichere Ann\u00e4herung an den Blutzuckerzielbereich.<\/p>\n<p>Zur Anpassung der Therapie mit GlucoTab Unterst\u00fctzung k\u00f6nnen, weil einem verordneten Schema gefolgt wird, <strong>auch Pflegepersonen berechtigt<\/strong> werden. Das System erkennt unsichere Situationen automatisch, und stellt eine \u00dcberpr\u00fcfung durch einen Arzt sicher.<\/div>\n<\/div>\n<div class=\"true-features  StXXlHiR tt_animate_none\"><i class=\"true-custom-icon fa fa fa-shield\"><\/i><\/p>\n<div class=\"true-description\">Fehlende Werte oder nachtr\u00e4gliche Korrekturen werden flexibel ber\u00fccksichtigt, unsichere Situationen werden erkannt und eine Evaluierung der Therapie durch einen Arzt sichergestellt.<\/div>\n<\/div>\n<p>[\/vc_column][\/vc_row][vc_row][vc_column][vc_row_inner equal_height=&#8220;yes&#8220; content_placement=&#8220;middle&#8220; gap=&#8220;5&#8243;][vc_column_inner width=&#8220;1\/6&#8243; css=&#8220;.vc_custom_1614375131574{margin-top: 5px !important;padding-top: 5px !important;padding-bottom: 5px !important;border-radius: 10px !important;}&#8220;][\/vc_column_inner][vc_column_inner width=&#8220;5\/12&#8243; css=&#8220;.vc_custom_1614375154253{margin-top: 5px !important;border-top-width: 1px !important;border-right-width: 1px !important;border-bottom-width: 1px !important;border-left-width: 1px !important;padding-top: 5px !important;padding-bottom: 5px !important;border-left-style: solid !important;border-right-style: solid !important;border-top-style: solid !important;border-bottom-style: solid !important;border-radius: 10px !important;}&#8220;][vc_column_text css=&#8220;.vc_custom_1614373404090{margin-bottom: 0px !important;border-bottom-width: 0px !important;padding-bottom: 0px !important;}&#8220;]<\/p>\n<h3>GlucoTab Basis-Bolus Insulintherapie<\/h3>\n<p>[\/vc_column_text][vc_single_image image=&#8220;17757&#8243; img_size=&#8220;full&#8220; alignment=&#8220;center&#8220; el_class=&#8220;popmake-17653&#8243;][\/vc_column_inner][vc_column_inner width=&#8220;5\/12&#8243; css=&#8220;.vc_custom_1614375164534{margin-top: 5px !important;border-top-width: 1px !important;border-right-width: 1px !important;border-bottom-width: 1px !important;border-left-width: 1px !important;padding-top: 5px !important;padding-bottom: 5px !important;border-left-style: solid !important;border-right-style: solid !important;border-top-style: solid !important;border-bottom-style: solid !important;border-radius: 10px !important;}&#8220;][vc_column_text css=&#8220;.vc_custom_1602805393497{margin-bottom: 0px !important;border-bottom-width: 0px !important;padding-bottom: 0px !important;}&#8220;]<\/p>\n<h3>GlucoTab Basalinsulin-Therapie<\/h3>\n<p>[\/vc_column_text][vc_single_image image=&#8220;17759&#8243; img_size=&#8220;full&#8220; alignment=&#8220;center&#8220; el_class=&#8220;popmake-17694&#8243;][\/vc_column_inner][\/vc_row_inner][vc_row_inner equal_height=&#8220;yes&#8220; content_placement=&#8220;middle&#8220; gap=&#8220;5&#8243;][vc_column_inner width=&#8220;1\/6&#8243; css=&#8220;.vc_custom_1602805868630{margin-top: 5px !important;padding-top: 5px !important;padding-bottom: 5px !important;background-color: #ffffff !important;border-radius: 10px !important;}&#8220;][vc_column_text css=&#8220;.vc_custom_1602805966597{margin-bottom: 5px !important;}&#8220;]<strong>Woraus besteht die Therapie?<\/strong>[\/vc_column_text][\/vc_column_inner][vc_column_inner width=&#8220;5\/12&#8243; css=&#8220;.vc_custom_1602805929572{margin-top: 5px !important;border-top-width: 1px !important;border-right-width: 1px !important;border-bottom-width: 1px !important;border-left-width: 1px !important;padding-top: 5px !important;padding-bottom: 5px !important;border-left-color: #dddddd !important;border-left-style: solid !important;border-right-color: #dddddd !important;border-right-style: solid !important;border-top-color: #dddddd !important;border-top-style: solid !important;border-bottom-color: #dddddd !important;border-bottom-style: solid !important;border-radius: 10px !important;}&#8220;][vc_column_text css=&#8220;.vc_custom_1602805957211{margin-bottom: 5px !important;padding-top: 0px !important;padding-bottom: 0px !important;}&#8220;]<\/p>\n<ul>\n<li>langwirksames Insulin einmal t\u00e4glich<\/li>\n<li>kurzwirksames Insulin zu den Mahlzeiten und zur Korrektur hoher Werte<\/li>\n<li>Kombination mit gewissen oralen Antidiabetika bzw. Inkretinen m\u00f6glich<\/li>\n<\/ul>\n<p>[\/vc_column_text][\/vc_column_inner][vc_column_inner width=&#8220;5\/12&#8243; css=&#8220;.vc_custom_1602805818903{margin-top: 5px !important;border-top-width: 1px !important;border-right-width: 1px !important;border-bottom-width: 1px !important;border-left-width: 1px !important;padding-top: 5px !important;padding-bottom: 5px !important;border-left-color: #dddddd !important;border-left-style: solid !important;border-right-color: #dddddd !important;border-right-style: solid !important;border-top-color: #dddddd !important;border-top-style: solid !important;border-bottom-color: #dddddd !important;border-bottom-style: solid !important;border-radius: 10px !important;}&#8220;][vc_column_text css=&#8220;.vc_custom_1602805948774{margin-bottom: 5px !important;}&#8220;]<\/p>\n<ul>\n<li>vorwiegend langwirksames Insulin einmal t\u00e4glich<\/li>\n<li>in Kombination mit oralen Antidiabetika und Inkretinen<\/li>\n<li><u>optional<\/u> zus\u00e4tzlich kurzwirksames Insulin am Morgen oder zur gr\u00f6\u00dften Mahlzeit des Tages, wenn die t\u00e4gliche Basalinsulin-Gabe in Kombination mit den verordneten anderen blutzuckersenkenden Medikamenten einen Blutzuckeranstieg w\u00e4hrend des Tages nicht verhindern kann: \u201e<strong>Basalinsulin plus<\/strong>\u201c Therapie<\/li>\n<\/ul>\n<p>[\/vc_column_text][\/vc_column_inner][\/vc_row_inner][vc_row_inner equal_height=&#8220;yes&#8220; content_placement=&#8220;middle&#8220; gap=&#8220;5&#8243;][vc_column_inner width=&#8220;1\/6&#8243; css=&#8220;.vc_custom_1602805875750{margin-top: 5px !important;padding-top: 5px !important;padding-bottom: 5px !important;background-color: #ededed !important;border-radius: 10px !important;}&#8220;][vc_column_text css=&#8220;.vc_custom_1602806025750{margin-bottom: 5px !important;}&#8220;]<strong>Empfehlung f\u00fcr die initiale Tagesinsulindosis<\/strong>[\/vc_column_text][\/vc_column_inner][vc_column_inner width=&#8220;5\/12&#8243; css=&#8220;.vc_custom_1602805886173{margin-top: 5px !important;border-top-width: 1px !important;border-right-width: 1px !important;border-bottom-width: 1px !important;border-left-width: 1px !important;padding-top: 5px !important;padding-bottom: 5px !important;border-left-color: #dddddd !important;border-left-style: solid !important;border-right-color: #dddddd !important;border-right-style: solid !important;border-top-color: #dddddd !important;border-top-style: solid !important;border-bottom-color: #dddddd !important;border-bottom-style: solid !important;border-radius: 10px !important;}&#8220;][vc_column_text css=&#8220;.vc_custom_1602806032562{margin-bottom: 5px !important;}&#8220;]wird auf Basis von Alter, K\u00f6rpergewicht und Nierenfunktion berechnet[\/vc_column_text][\/vc_column_inner][vc_column_inner width=&#8220;5\/12&#8243; css=&#8220;.vc_custom_1602805893356{margin-top: 5px !important;border-top-width: 1px !important;border-right-width: 1px !important;border-bottom-width: 1px !important;border-left-width: 1px !important;padding-top: 5px !important;padding-bottom: 5px !important;border-left-color: #dddddd !important;border-left-style: solid !important;border-right-color: #dddddd !important;border-right-style: solid !important;border-top-color: #dddddd !important;border-top-style: solid !important;border-bottom-color: #dddddd !important;border-bottom-style: solid !important;border-radius: 10px !important;}&#8220;][vc_column_text css=&#8220;.vc_custom_1602806001768{margin-bottom: 5px !important;}&#8220;]wird auf Basis von Alter und K\u00f6rpergewicht berechnet[\/vc_column_text][\/vc_column_inner][\/vc_row_inner][vc_row_inner equal_height=&#8220;yes&#8220; content_placement=&#8220;middle&#8220; gap=&#8220;5&#8243;][vc_column_inner width=&#8220;1\/6&#8243; css=&#8220;.vc_custom_1602805900492{margin-top: 5px !important;padding-top: 5px !important;padding-bottom: 5px !important;background-color: #ffffff !important;border-radius: 10px !important;}&#8220;][vc_column_text css=&#8220;.vc_custom_1602806013034{margin-bottom: 5px !important;}&#8220;]<strong>H\u00e4ufigkeit von Blutzucker-Messungen und Insulingaben<\/strong>[\/vc_column_text][\/vc_column_inner][vc_column_inner width=&#8220;5\/12&#8243; css=&#8220;.vc_custom_1602805906805{margin-top: 5px !important;border-top-width: 1px !important;border-right-width: 1px !important;border-bottom-width: 1px !important;border-left-width: 1px !important;padding-top: 5px !important;padding-bottom: 5px !important;border-left-color: #dddddd !important;border-left-style: solid !important;border-right-color: #dddddd !important;border-right-style: solid !important;border-top-color: #dddddd !important;border-top-style: solid !important;border-bottom-color: #dddddd !important;border-bottom-style: solid !important;border-radius: 10px !important;}&#8220;][vc_column_text css=&#8220;.vc_custom_1602806008123{margin-bottom: 5px !important;}&#8220;]Sowohl Blutzuckermessungen als auch Insulingaben sind t\u00e4glich zu den Mahlzeiten bzw. vor dem zu Bett gehen vorgesehen.<br \/>\n<strong>Die Intensit\u00e4t der Therapie ist immer gleich.<\/strong>[\/vc_column_text][\/vc_column_inner][vc_column_inner width=&#8220;5\/12&#8243; css=&#8220;.vc_custom_1602805913004{margin-top: 5px !important;border-top-width: 1px !important;border-right-width: 1px !important;border-bottom-width: 1px !important;border-left-width: 1px !important;padding-top: 5px !important;padding-bottom: 5px !important;border-left-color: #dddddd !important;border-left-style: solid !important;border-right-color: #dddddd !important;border-right-style: solid !important;border-top-color: #dddddd !important;border-top-style: solid !important;border-bottom-color: #dddddd !important;border-bottom-style: solid !important;border-radius: 10px !important;}&#8220;][vc_column_text css=&#8220;.vc_custom_1602806058387{margin-bottom: 5px !important;}&#8220;]Initial zur Findung bzw. wenn n\u00f6tig zur Anpassung der Therapie werden Messungen morgens, mittags und abends durchgef\u00fchrt.<br \/>\nBei stabilem Therapieverlauf wird vorgeschlagen, nur noch N\u00fcchtern-Blutzuckerwerte am Morgen zu messen.<br \/>\n<strong>Wenn die Therapie stabil l\u00e4uft, wird die Intensit\u00e4t der Messungen reduziert.<\/strong>[\/vc_column_text][\/vc_column_inner][\/vc_row_inner][vc_row_inner equal_height=&#8220;yes&#8220; content_placement=&#8220;middle&#8220; gap=&#8220;5&#8243;][vc_column_inner width=&#8220;1\/6&#8243; css=&#8220;.vc_custom_1602806175149{margin-top: 5px !important;border-top-width: 0px !important;border-right-width: 0px !important;border-bottom-width: 0px !important;border-left-width: 0px !important;padding-top: 5px !important;padding-bottom: 5px !important;background-color: #ededed !important;border-radius: 10px !important;}&#8220;][vc_column_text css=&#8220;.vc_custom_1602806077628{margin-bottom: 5px !important;}&#8220;]<strong>Zeitpunkt der Basalinsulingabe<\/strong>[\/vc_column_text][\/vc_column_inner][vc_column_inner width=&#8220;5\/12&#8243; css=&#8220;.vc_custom_1602806181477{margin-top: 5px !important;border-top-width: 1px !important;border-right-width: 1px !important;border-bottom-width: 1px !important;border-left-width: 1px !important;padding-top: 5px !important;padding-bottom: 5px !important;border-left-color: #dddddd !important;border-left-style: solid !important;border-right-color: #dddddd !important;border-right-style: solid !important;border-top-color: #dddddd !important;border-top-style: solid !important;border-bottom-color: #dddddd !important;border-bottom-style: solid !important;border-radius: 10px !important;}&#8220;][vc_column_text css=&#8220;.vc_custom_1602806085310{margin-bottom: 5px !important;}&#8220;]Basalinsulingabe zu Mittag hat sich im station\u00e4ren Setting bew\u00e4hrt, die Gabe am Abend bzw. vor dem zu Bett gehen kann ebenfalls verordnet werden.[\/vc_column_text][\/vc_column_inner][vc_column_inner width=&#8220;5\/12&#8243; css=&#8220;.vc_custom_1602806189215{margin-top: 5px !important;border-top-width: 1px !important;border-right-width: 1px !important;border-bottom-width: 1px !important;border-left-width: 1px !important;padding-top: 5px !important;padding-bottom: 5px !important;border-left-color: #dddddd !important;border-left-style: solid !important;border-right-color: #dddddd !important;border-right-style: solid !important;border-top-color: #dddddd !important;border-top-style: solid !important;border-bottom-color: #dddddd !important;border-bottom-style: solid !important;border-radius: 10px !important;}&#8220;][vc_column_text css=&#8220;.vc_custom_1602806091616{margin-bottom: 5px !important;}&#8220;]Die Basalinsulingabe kann am Morgen (im geriatrischen Setting empfohlen), am Abend oder vor dem zu Bett gehen verordnet werden.[\/vc_column_text][\/vc_column_inner][\/vc_row_inner][vc_row_inner equal_height=&#8220;yes&#8220; content_placement=&#8220;middle&#8220; gap=&#8220;5&#8243;][vc_column_inner width=&#8220;1\/6&#8243; css=&#8220;.vc_custom_1602806208333{margin-top: 5px !important;padding-top: 5px !important;padding-bottom: 5px !important;background-color: #ffffff !important;border-radius: 10px !important;}&#8220;][vc_column_text css=&#8220;.vc_custom_1602806112694{margin-bottom: 5px !important;}&#8220;]<strong>Anpassung der Therapie \/ der f\u00fcr den Tag geplanten Dosierung<\/strong>[\/vc_column_text][\/vc_column_inner][vc_column_inner width=&#8220;5\/12&#8243; css=&#8220;.vc_custom_1602806214293{margin-top: 5px !important;border-top-width: 1px !important;border-right-width: 1px !important;border-bottom-width: 1px !important;border-left-width: 1px !important;padding-top: 5px !important;padding-bottom: 5px !important;border-left-color: #dddddd !important;border-left-style: solid !important;border-right-color: #dddddd !important;border-right-style: solid !important;border-top-color: #dddddd !important;border-top-style: solid !important;border-bottom-color: #dddddd !important;border-bottom-style: solid !important;border-radius: 10px !important;}&#8220;][vc_column_text css=&#8220;.vc_custom_1602806107139{margin-bottom: 5px !important;}&#8220;]Die Insulin-Tagesdosis wird t\u00e4glich angepasst.<br \/>\nDie Verteilung des kurzwirksamen Insulins zwischen den Tageszeiten erfolgt automatisch.[\/vc_column_text][\/vc_column_inner][vc_column_inner width=&#8220;5\/12&#8243; css=&#8220;.vc_custom_1602806222261{margin-top: 5px !important;border-top-width: 1px !important;border-right-width: 1px !important;border-bottom-width: 1px !important;border-left-width: 1px !important;padding-top: 5px !important;padding-bottom: 5px !important;border-left-color: #dddddd !important;border-left-style: solid !important;border-right-color: #dddddd !important;border-right-style: solid !important;border-top-color: #dddddd !important;border-top-style: solid !important;border-bottom-color: #dddddd !important;border-bottom-style: solid !important;border-radius: 10px !important;}&#8220;][vc_column_text css=&#8220;.vc_custom_1602806097248{margin-bottom: 5px !important;}&#8220;]Die Anpassung der Basalinsulin-Dosis muss nicht immer t\u00e4glich stattfinden, sondern ist unter anderem <strong>abh\u00e4ngig vom Gesundheitsstatus<\/strong> des Patienten und der Verf\u00fcgbarkeit der notwendigen Blutzuckerwerte.[\/vc_column_text][\/vc_column_inner][\/vc_row_inner][vc_row_inner equal_height=&#8220;yes&#8220; content_placement=&#8220;middle&#8220; gap=&#8220;5&#8243;][vc_column_inner width=&#8220;1\/6&#8243; css=&#8220;.vc_custom_1602806240588{margin-top: 5px !important;padding-top: 5px !important;padding-bottom: 5px !important;background-color: #ededed !important;border-radius: 10px !important;}&#8220;][vc_column_text css=&#8220;.vc_custom_1602806119577{margin-bottom: 5px !important;}&#8220;]<strong>Blutzucker-Zielbereich<\/strong>[\/vc_column_text][\/vc_column_inner][vc_column_inner width=&#8220;5\/12&#8243; css=&#8220;.vc_custom_1602806233900{margin-top: 5px !important;border-top-width: 1px !important;border-right-width: 1px !important;border-bottom-width: 1px !important;border-left-width: 1px !important;padding-top: 5px !important;padding-bottom: 5px !important;border-left-color: #dddddd !important;border-left-style: solid !important;border-right-color: #dddddd !important;border-right-style: solid !important;border-top-color: #dddddd !important;border-top-style: solid !important;border-bottom-color: #dddddd !important;border-bottom-style: solid !important;border-radius: 10px !important;}&#8220;][vc_column_text css=&#8220;.vc_custom_1602806125951{margin-bottom: 5px !important;}&#8220;]Der f\u00fcr die Reduktion von Komplikationen im station\u00e4ren Setting empfohlene Zielbereich von 100-140 mg\/dl (5,6-7,8 mmol\/l) vor den Mahlzeiten wird angestrebt.[\/vc_column_text][\/vc_column_inner][vc_column_inner width=&#8220;5\/12&#8243; css=&#8220;.vc_custom_1602806228228{margin-top: 5px !important;border-top-width: 1px !important;border-right-width: 1px !important;border-bottom-width: 1px !important;border-left-width: 1px !important;padding-top: 5px !important;padding-bottom: 5px !important;border-left-color: #dddddd !important;border-left-style: solid !important;border-right-color: #dddddd !important;border-right-style: solid !important;border-top-color: #dddddd !important;border-top-style: solid !important;border-bottom-color: #dddddd !important;border-bottom-style: solid !important;border-radius: 10px !important;}&#8220;][vc_column_text css=&#8220;.vc_custom_1602806133217{margin-bottom: 5px !important;}&#8220;]Der Blutzucker-Zielbereich und der tolerierte Anstieg des Blutzuckers w\u00e4hrend des Tages werden <strong>abh\u00e4ngig vom Gesundheitsstatus<\/strong> des Patienten festgelegt, um geriatrische Patienten speziell zu ber\u00fccksichtigen.[\/vc_column_text][\/vc_column_inner][\/vc_row_inner]<\/p>\n<div class=\"hr_gap\" style=\"height:40px;\"><\/div>\n<p>[\/vc_column][\/vc_row][vc_row][vc_column][vc_column_text]<\/p>\n<h3>Eigene Therapie mit GlucoTab als elektronische Diabeteskurve<\/h3>\n<p>[\/vc_column_text][\/vc_column][\/vc_row][vc_row][vc_column css_animation=&#8220;fadeInLeft&#8220; width=&#8220;1\/2&#8243;]<\/p>\n<div class=\"true-features  hEkfELbU tt_animate_none\"><i class=\"true-custom-icon fa fa fa-users\"><\/i><\/p>\n<div class=\"true-description\">Der arbeitsteilige Prozess im Krankenhaus mit der <strong>Verordnung durch \u00c4rzte und Durchf\u00fchrung durch die Pflege<\/strong> wird f\u00fcr alle Therapieformen durch GlucoTab unterst\u00fctzt, f\u00fcr beide Berufsgruppen werden die offenen Aufgaben angezeigt.<\/div>\n<\/div>\n<div class=\"true-features  ePYpuMns tt_animate_none\"><i class=\"true-custom-icon fa fa fa-check-square\"><\/i><\/p>\n<div class=\"true-description\"><strong>Dosierung mit unbestimmter Dosis:<\/strong> Was auf Papier h\u00e4ufig als \u201eWanne\u201c \u02fd vermerkt wird, wird in GlucoTab mit X-Dosis bezeichnet:<\/p>\n<ul>\n<li>Eine Gabe des Medikaments ist in der Tageszeit geplant, die Dosis wird erst festgelegt, <strong>wenn in der Tageszeit ein Blutzuckerwert vorliegt.<\/strong><\/li>\n<li><strong>Offene Aufgaben<\/strong> zeigen, wer wann was zu tun hat. Blutzuckermessung (Pflege) \u2192 Dosis festlegen (Arzt) \u2192 Medikamentengabe (Pflege).<\/li>\n<li>Alternativ kann die <strong>Dosis m\u00fcndlich<\/strong> vom Arzt angeordnet und von der Pflege erfasst werden.<\/li>\n<\/ul>\n<\/div>\n<\/div>\n<p>[\/vc_column][vc_column css_animation=&#8220;fadeInRight&#8220; width=&#8220;1\/2&#8243;]<\/p>\n<div class=\"true-features  TQRRrnNb tt_animate_none\"><i class=\"true-custom-icon fa fa fa-hand-paper-o\"><\/i><\/p>\n<div class=\"true-description\">Patienten <strong>Selbstmanagement<\/strong> kann bei der Verordnung der Therapie vermerkt werden. Verordnungen von Insulinen werden dann mit unbestimmter Dosis (X) initialisiert, weil die <strong>Dosis vom Patienten selbst festgelegt<\/strong> wird. Die <strong>nachtr\u00e4gliche Erfassung<\/strong> von Blutzuckermessungen und vom Patienten durchgef\u00fchrten Medikamentengaben ist m\u00f6glich.<\/div>\n<\/div>\n<div class=\"true-features  qjRFikQY tt_animate_none\"><i class=\"true-custom-icon fa fa fa-clock-o\"><\/i><\/p>\n<div class=\"true-description\">Wenn n\u00f6tig (z.B. bei Gestationsdiabetes) ist die Verordnung <strong>postprandialer Blutzuckermessungen<\/strong> m\u00f6glich und wird durch die automatische Generierung von Aufgaben f\u00fcr die rechtzeitige Messung nach der Mahlzeit unterst\u00fctzt.<\/div>\n<\/div>\n<p>[\/vc_column][\/vc_row]<\/p>\n","protected":false},"excerpt":{"rendered":"<p>[vc_row][vc_column][vc_column_text] GlucoTab\u00ae erm\u00f6glicht die elektronische Planung, Durchf\u00fchrung und Dokumentation aller Arbeitsschritte im station\u00e4ren Blutzuckermanagement. \u00c4rzten und Pflegekr\u00e4ften werden alle relevanten Informationen kontext-sensitiv zur Verf\u00fcgung gestellt. Der Workflow wird durch entsprechende Erinnerungsfunktionen unterst\u00fctzt. Damit erm\u00f6glicht GlucoTab\u00ae eine vollst\u00e4ndige elektronische Abbildung des Blutzuckermanagements und entlastet das Personal von administrativen T\u00e4tigkeiten. [\/vc_column_text][\/vc_column][\/vc_row][vc_row][vc_column][vc_column_text] GlucoTab Therapie-Algorithmen f\u00fcr Insulintherapie Die automatischen [&hellip;]<\/p>\n","protected":false},"author":1,"featured_media":0,"parent":362,"menu_order":0,"comment_status":"closed","ping_status":"closed","template":"","meta":{"cybocfi_hide_featured_image":"","footnotes":""},"class_list":["post-304","page","type-page","status-publish","hentry"],"_links":{"self":[{"href":"https:\/\/www.glucotab.at\/de\/wp-json\/wp\/v2\/pages\/304","targetHints":{"allow":["GET"]}}],"collection":[{"href":"https:\/\/www.glucotab.at\/de\/wp-json\/wp\/v2\/pages"}],"about":[{"href":"https:\/\/www.glucotab.at\/de\/wp-json\/wp\/v2\/types\/page"}],"author":[{"embeddable":true,"href":"https:\/\/www.glucotab.at\/de\/wp-json\/wp\/v2\/users\/1"}],"replies":[{"embeddable":true,"href":"https:\/\/www.glucotab.at\/de\/wp-json\/wp\/v2\/comments?post=304"}],"version-history":[{"count":67,"href":"https:\/\/www.glucotab.at\/de\/wp-json\/wp\/v2\/pages\/304\/revisions"}],"predecessor-version":[{"id":17766,"href":"https:\/\/www.glucotab.at\/de\/wp-json\/wp\/v2\/pages\/304\/revisions\/17766"}],"up":[{"embeddable":true,"href":"https:\/\/www.glucotab.at\/de\/wp-json\/wp\/v2\/pages\/362"}],"wp:attachment":[{"href":"https:\/\/www.glucotab.at\/de\/wp-json\/wp\/v2\/media?parent=304"}],"curies":[{"name":"wp","href":"https:\/\/api.w.org\/{rel}","templated":true}]}}