{"id":18638,"date":"2025-08-25T15:01:00","date_gmt":"2025-08-25T14:01:00","guid":{"rendered":"https:\/\/www.glucotab.at\/?page_id=18638"},"modified":"2026-02-26T15:10:17","modified_gmt":"2026-02-26T14:10:17","slug":"bhb-regensburg","status":"publish","type":"page","link":"https:\/\/www.glucotab.at\/de\/referenzen\/referenzkunden\/bhb-regensburg\/","title":{"rendered":"BHB Regensburg"},"content":{"rendered":"<p>Das Krankenhaus Barmherzige Br\u00fcder Regensburg ist mit 985 Betten das gr\u00f6\u00dfte katholische Krankenhaus Deutschlands sowie akademisches Lehrkrankenhaus der Universit\u00e4t Regensburg.<\/p>\n<p>Am 25. August 2025 ging GlucoTab am Krankenhaus Barmherzige Br\u00fcder Regensburg live \u2013 ein weiterer wichtiger Schritt in der Digitalisierung des klinischen Diabetesmanagements an einem der bedeutendsten Krankenh\u00e4user Deutschlands.<\/p>\n","protected":false},"excerpt":{"rendered":"<p>Das Krankenhaus Barmherzige Br\u00fcder Regensburg ist mit 985 Betten das gr\u00f6\u00dfte katholische Krankenhaus Deutschlands sowie akademisches Lehrkrankenhaus der Universit\u00e4t Regensburg. Am 25. August 2025 ging GlucoTab am Krankenhaus Barmherzige Br\u00fcder Regensburg live \u2013 ein weiterer wichtiger Schritt in der Digitalisierung des klinischen Diabetesmanagements an einem der bedeutendsten Krankenh\u00e4user Deutschlands.<\/p>\n","protected":false},"author":4,"featured_media":0,"parent":16491,"menu_order":4,"comment_status":"closed","ping_status":"closed","template":"","meta":{"cybocfi_hide_featured_image":"","footnotes":""},"class_list":["post-18638","page","type-page","status-publish","hentry"],"_links":{"self":[{"href":"https:\/\/www.glucotab.at\/de\/wp-json\/wp\/v2\/pages\/18638","targetHints":{"allow":["GET"]}}],"collection":[{"href":"https:\/\/www.glucotab.at\/de\/wp-json\/wp\/v2\/pages"}],"about":[{"href":"https:\/\/www.glucotab.at\/de\/wp-json\/wp\/v2\/types\/page"}],"author":[{"embeddable":true,"href":"https:\/\/www.glucotab.at\/de\/wp-json\/wp\/v2\/users\/4"}],"replies":[{"embeddable":true,"href":"https:\/\/www.glucotab.at\/de\/wp-json\/wp\/v2\/comments?post=18638"}],"version-history":[{"count":1,"href":"https:\/\/www.glucotab.at\/de\/wp-json\/wp\/v2\/pages\/18638\/revisions"}],"predecessor-version":[{"id":18639,"href":"https:\/\/www.glucotab.at\/de\/wp-json\/wp\/v2\/pages\/18638\/revisions\/18639"}],"up":[{"embeddable":true,"href":"https:\/\/www.glucotab.at\/de\/wp-json\/wp\/v2\/pages\/16491"}],"wp:attachment":[{"href":"https:\/\/www.glucotab.at\/de\/wp-json\/wp\/v2\/media?parent=18638"}],"curies":[{"name":"wp","href":"https:\/\/api.w.org\/{rel}","templated":true}]}}