{"id":17835,"date":"2021-11-05T11:53:23","date_gmt":"2021-11-05T09:53:23","guid":{"rendered":"https:\/\/www.glucotab.at\/?page_id=17835"},"modified":"2021-11-05T11:53:25","modified_gmt":"2021-11-05T09:53:25","slug":"glucotab-apple-app-datenschutzrichtlinie","status":"publish","type":"page","link":"https:\/\/www.glucotab.at\/de\/glucotab-apple-app-datenschutzrichtlinie\/","title":{"rendered":"GlucoTab Apple App Datenschutzrichtlinie"},"content":{"rendered":"<p>Das GlucoTab System ist ein Softwaresystem f\u00fcr Blutzuckermanagement von station\u00e4ren Patient:innen im Krankenhaus. Es wird von der decide Clinical Software GmbH als Medizinprodukt entwickelt und vertrieben. Die Kunden sind Krankenh\u00e4user oder Krankenhaus-Organisationen.<\/p>\n<p>Der Betrieb des Systems erfolgt ausschlie\u00dflich durch den Kunden f\u00fcr die eigene Organisation.<\/p>\n<p>Die GlucoTab Apple App erm\u00f6glicht die Nutzung des GlucoTab Systems auf Apple Ger\u00e4ten.<\/p>\n<p>Die mit der App bzw. dem GlucoTab System erhobenen Daten werden ausschlie\u00dflich vom Kunden auf Systemen des Kunden verarbeitet.<\/p>\n<p>Es erfolgt keinerlei \u00dcbermittlung von Daten aus der App an Systeme der decide Clinical Software GmbH.<\/p>\n<p>Benutzer von GlucoTab sind ausschlie\u00dflich Fachpersonal (\u00c4rzteschaft und Pflegepersonen) im Rahmen der beruflichen T\u00e4tigkeit f\u00fcr den Kunden.<\/p>\n<p>Die in diesem Kontext mit dem GlucoTab System erhobenen vom Kunden und verarbeiteten Daten sind:<\/p>\n<ul class=\"wp-block-list\">\n<li>pers\u00f6nliche Daten (Name, Geburtstdatum, identifizierende Codes wie Sozialversicherungsnummer oder Fallzahl)<\/li>\n<li>auf die Diabetestherapie bezogene Daten (Blutzuckerwerte und andere Laborwerte, Medikamentenverordnungen, Medikamentengaben)<\/li>\n<li>Nutzungsdaten (alle mit dem System durchgef\u00fchrten Aktivit\u00e4ten werden nachvollziehbar mit Zuordnung zum durchf\u00fchrenden Benutzer protokolliert)<\/li>\n<li>Es werden ausschlie\u00dflich f\u00fcr das Funktionieren der Anwendung erforderliche Cookies verwendet.<\/li>\n<li>GlucoTab bindet externe Systeme f\u00fcr Benutzerauthentifizierung und Autorisierung ein, die vom Kunden verwaltet werden (z.B. Active Directory).<\/li>\n<li>Es werden keinerlei Services integriert oder Daten an externe Services \u00fcbermittelt, die au\u00dferhalb des Verantwortungsbereichs des Kunden liegen.<\/li>\n<\/ul>\n<p>Der Zweck der Datenverarbeitung ist:<\/p>\n<ul class=\"wp-block-list\">\n<li>Unterst\u00fctzung des Blutzuckermanagements durch Insulin-Dosierungsvorschl\u00e4ge, Aufgaben-Management und \u00fcbersichtliche Darstellung der \u201eDiabeteskurve\u201c.<\/li>\n<li>Sicherstellung, dass autorisierte Benutzer jene Funktionen f\u00fcr die Durchf\u00fchrung und Dokumentation des Blutzuckermanagements nutzen k\u00f6nnen, f\u00fcr die sie innerhalb eines Behandlungskontexts berechtigt sind.<\/li>\n<li>Nachvollziehbare Dokumentation der gesamten Therapie und aller durchgef\u00fchrten Aktivit\u00e4ten entsprechend den medizinischen und rechtlichen Anforderungen.<\/li>\n<li>Laufende Verbesserung der Insulin-Dosierungsalgorithmen sowie der Funktionalit\u00e4t und Benutzerfreundlichkeit des Systems<\/li>\n<\/ul>\n","protected":false},"excerpt":{"rendered":"<p>Das GlucoTab System ist ein Softwaresystem f\u00fcr Blutzuckermanagement von station\u00e4ren Patient:innen im Krankenhaus. Es wird von der decide Clinical Software GmbH als Medizinprodukt entwickelt und vertrieben. Die Kunden sind Krankenh\u00e4user oder Krankenhaus-Organisationen. Der Betrieb des Systems erfolgt ausschlie\u00dflich durch den Kunden f\u00fcr die eigene Organisation. Die GlucoTab Apple App erm\u00f6glicht die Nutzung des GlucoTab Systems [&hellip;]<\/p>\n","protected":false},"author":4,"featured_media":0,"parent":0,"menu_order":0,"comment_status":"closed","ping_status":"closed","template":"","meta":{"cybocfi_hide_featured_image":"","footnotes":""},"class_list":["post-17835","page","type-page","status-publish","hentry"],"_links":{"self":[{"href":"https:\/\/www.glucotab.at\/de\/wp-json\/wp\/v2\/pages\/17835","targetHints":{"allow":["GET"]}}],"collection":[{"href":"https:\/\/www.glucotab.at\/de\/wp-json\/wp\/v2\/pages"}],"about":[{"href":"https:\/\/www.glucotab.at\/de\/wp-json\/wp\/v2\/types\/page"}],"author":[{"embeddable":true,"href":"https:\/\/www.glucotab.at\/de\/wp-json\/wp\/v2\/users\/4"}],"replies":[{"embeddable":true,"href":"https:\/\/www.glucotab.at\/de\/wp-json\/wp\/v2\/comments?post=17835"}],"version-history":[{"count":1,"href":"https:\/\/www.glucotab.at\/de\/wp-json\/wp\/v2\/pages\/17835\/revisions"}],"predecessor-version":[{"id":17836,"href":"https:\/\/www.glucotab.at\/de\/wp-json\/wp\/v2\/pages\/17835\/revisions\/17836"}],"wp:attachment":[{"href":"https:\/\/www.glucotab.at\/de\/wp-json\/wp\/v2\/media?parent=17835"}],"curies":[{"name":"wp","href":"https:\/\/api.w.org\/{rel}","templated":true}]}}