{"id":16495,"date":"2020-11-27T14:10:10","date_gmt":"2020-11-27T12:10:10","guid":{"rendered":"https:\/\/www.glucotab.at\/?page_id=16495"},"modified":"2021-02-26T13:03:05","modified_gmt":"2021-02-26T11:03:05","slug":"krages","status":"publish","type":"page","link":"https:\/\/www.glucotab.at\/de\/referenzen\/referenzkunden\/krages\/","title":{"rendered":"KRAGES"},"content":{"rendered":"<p>[vc_row][vc_column][vc_column_text]<\/p>\n<h2>GlucoTab in der Burgenl\u00e4ndischen KRAGES<\/h2>\n<p>Die KRAGES &#8211; Burgenl\u00e4ndische Krankenanstalten-Ges.m.b.H betreibt vier Krankenh\u00e4user im Burgenland.<\/p>\n<p><a href=\"https:\/\/www.krages.at\/krankenhaeuser\/krankenhaeuser-uebersicht.html\" target=\"_blank\" rel=\"noopener\">Mehr Information&#8230;<\/a><\/p>\n<p>Im Mai 2020 erhielt die decide den Zuschlag zur Lieferung eines Diabetes-Managementsystems f\u00fcr die Burgenl\u00e4ndische KRAGES. Seit August 2020 befindet sich GlucoTab im KH Oberwart im Einsatz, die Implementierung an den vier Standorten wird mit Mitte des Jahres 2021 abgeschlossen sein.<\/p>\n<h3>Weiterf\u00fchrende Informationen:<\/h3>\n<ul>\n<li>Artikel \u201eWeitere Krankenh\u00e4user mit GlucoTab ausgestattet&#8220;<br \/>\n<a href=\"https:\/\/www.zwt-graz.at\/weitere-krankenhaeuser-mit-glucotab-ausgestattet\/\" target=\"_blank\" rel=\"noopener\">anzeigen&#8230;<\/a><\/li>\n<\/ul>\n<p>[\/vc_column_text][\/vc_column][\/vc_row]<\/p>\n","protected":false},"excerpt":{"rendered":"<p>[vc_row][vc_column][vc_column_text] GlucoTab in der Burgenl\u00e4ndischen KRAGES Die KRAGES &#8211; Burgenl\u00e4ndische Krankenanstalten-Ges.m.b.H betreibt vier Krankenh\u00e4user im Burgenland. Mehr Information&#8230; Im Mai 2020 erhielt die decide den Zuschlag zur Lieferung eines Diabetes-Managementsystems f\u00fcr die Burgenl\u00e4ndische KRAGES. Seit August 2020 befindet sich GlucoTab im KH Oberwart im Einsatz, die Implementierung an den vier Standorten wird mit Mitte des [&hellip;]<\/p>\n","protected":false},"author":4,"featured_media":0,"parent":16491,"menu_order":0,"comment_status":"closed","ping_status":"closed","template":"","meta":{"cybocfi_hide_featured_image":"","footnotes":""},"class_list":["post-16495","page","type-page","status-publish","hentry"],"_links":{"self":[{"href":"https:\/\/www.glucotab.at\/de\/wp-json\/wp\/v2\/pages\/16495","targetHints":{"allow":["GET"]}}],"collection":[{"href":"https:\/\/www.glucotab.at\/de\/wp-json\/wp\/v2\/pages"}],"about":[{"href":"https:\/\/www.glucotab.at\/de\/wp-json\/wp\/v2\/types\/page"}],"author":[{"embeddable":true,"href":"https:\/\/www.glucotab.at\/de\/wp-json\/wp\/v2\/users\/4"}],"replies":[{"embeddable":true,"href":"https:\/\/www.glucotab.at\/de\/wp-json\/wp\/v2\/comments?post=16495"}],"version-history":[{"count":4,"href":"https:\/\/www.glucotab.at\/de\/wp-json\/wp\/v2\/pages\/16495\/revisions"}],"predecessor-version":[{"id":17630,"href":"https:\/\/www.glucotab.at\/de\/wp-json\/wp\/v2\/pages\/16495\/revisions\/17630"}],"up":[{"embeddable":true,"href":"https:\/\/www.glucotab.at\/de\/wp-json\/wp\/v2\/pages\/16491"}],"wp:attachment":[{"href":"https:\/\/www.glucotab.at\/de\/wp-json\/wp\/v2\/media?parent=16495"}],"curies":[{"name":"wp","href":"https:\/\/api.w.org\/{rel}","templated":true}]}}