{"id":16493,"date":"2020-11-27T14:09:14","date_gmt":"2020-11-27T12:09:14","guid":{"rendered":"https:\/\/www.glucotab.at\/?page_id=16493"},"modified":"2021-02-26T13:04:06","modified_gmt":"2021-02-26T11:04:06","slug":"kages","status":"publish","type":"page","link":"https:\/\/www.glucotab.at\/de\/referenzen\/referenzkunden\/kages\/","title":{"rendered":"KAGes"},"content":{"rendered":"<p>[vc_row][vc_column][vc_column_text]<\/p>\n<h2>GlucoTab in der Steierm\u00e4rkischen KAGes<\/h2>\n<p>Die Steierm\u00e4rkische Krankenanstaltengesellschaft betreibt <span class=\"untertitel\">11 Landeskrankenh\u00e4user an 20 Standorten und 4 Landespflegezentren.<\/span><\/p>\n<p><a href=\"https:\/\/www.kages.at\/cms\/ziel\/5646146\/DE\/\" target=\"_blank\" rel=\"noopener\">Mehr Information&#8230;<\/a><\/p>\n<p>Nach der initialen Entwicklung und der klinischen Evaluierung von GlucoTab am LKH-Univ. Klinikum Graz, wurde GlucoTab im Juni 2017 im Landeskrankenhaus Hartberg erstmals im Routinebetrieb eingesetzt und evaluiert.<\/p>\n<p>Zwischenzeitlich wird GlucoTab auf alle Krankenh\u00e4user der KAGes ausgerollt.<\/p>\n<h3>Weiterf\u00fchrende Informationen:<\/h3>\n<ul>\n<li><strong>Resumee eines Referenzkunden<\/strong> (Qualitas 01-2018)<br \/>\nNach 8 Monaten Einsatz von GlucoTab im LKH Hartberg zieht die KAGes ein Res\u00fcmee: Mehr Sicherheit f\u00fcr Patienten mit Diabetes.<\/p>\n<div class=\"true-text-wrap\">\n<div class=\"callout-details-wrap\"><a title=\"Artikel in Qualitas 2018-01\" href=\"https:\/\/www.glucotab.at\/wp-content\/uploads\/QUALITAS_2018-01_GlucoTab.pdf\" target=\"_blank\" rel=\"noopener\">Artikel anzeigen<\/a><\/div>\n<\/div>\n<\/li>\n<li><strong>IDC Health Award 2019 f\u00fcr die Steierm\u00e4rkische KAGes<\/strong><br \/>\nDie Steierm\u00e4rkische KAGes wurde f\u00fcr das Projekt GlucoTab mit dem IDC Health Award in der Kategorie \u201eVertrauen Schaffen\u201c ausgezeichnet.<br \/>\nDie IDC Health Awards wurden ins Leben gerufen, um innovative und vision\u00e4re Projekte des digitalen Wandels im Gesundheitsbereich auszuzeichnen und ins Licht zu stellen.<br \/>\n<a href=\"https:\/\/www.glucotab.at\/de\/kages-wird-fuer-glucotab-projekt-mit-dem-idc-health-award-ausgezeichnet\/\" target=\"_blank\" rel=\"noopener\">Mehr Information<\/a><\/li>\n<li><strong>Evaluierung des Routinebetriebs als elektronische Diabeteskurve<\/strong><br \/>\nPublikation der Ergebnisse der Pilotierung im LKH Hartberg<br \/>\n<a href=\"https:\/\/www.glucotab.at\/de\/electronic-diabetes-management-system-replaces-paper-insulin-chart-improved-quality-in-diabetes-inpatient-care-processes-due-to-digitalization\/\" target=\"_blank\" rel=\"noopener\">Mehr Information<\/a><\/li>\n<li><strong>Evaluierung des GlucoTab Basis-Bolus Algorithmus im Routinebetrieb<\/strong><br \/>\nErgebnisse des Einsatzes von GlucoTab im Routinebetrieb am LKH Universit\u00e4tsklinikum Graz<br \/>\n<a href=\"https:\/\/www.glucotab.at\/de\/safe-and-sufficient-glycemic-control-by-using-a-digital-clinical-decision-support-system-for-patients-with-type-2-diabetes-in-a-routine-setting-on-general-hospital-wards\/\" target=\"_blank\" rel=\"noopener\">Mehr Information<\/a><\/li>\n<li><strong>Weitere klinische Forschungsergebnisse<\/strong><br \/>\n<a href=\"https:\/\/www.glucotab.at\/de\/category\/publikationen\/\" target=\"_blank\" rel=\"noopener\">Weitere Publikationen<\/a> befinden sich in der Rubrik Publikationen.<\/li>\n<\/ul>\n<p>[\/vc_column_text][\/vc_column][\/vc_row]<\/p>\n","protected":false},"excerpt":{"rendered":"<p>[vc_row][vc_column][vc_column_text] GlucoTab in der Steierm\u00e4rkischen KAGes Die Steierm\u00e4rkische Krankenanstaltengesellschaft betreibt 11 Landeskrankenh\u00e4user an 20 Standorten und 4 Landespflegezentren. Mehr Information&#8230; Nach der initialen Entwicklung und der klinischen Evaluierung von GlucoTab am LKH-Univ. Klinikum Graz, wurde GlucoTab im Juni 2017 im Landeskrankenhaus Hartberg erstmals im Routinebetrieb eingesetzt und evaluiert. Zwischenzeitlich wird GlucoTab auf alle Krankenh\u00e4user der [&hellip;]<\/p>\n","protected":false},"author":4,"featured_media":0,"parent":16491,"menu_order":0,"comment_status":"closed","ping_status":"closed","template":"","meta":{"cybocfi_hide_featured_image":"","footnotes":""},"class_list":["post-16493","page","type-page","status-publish","hentry"],"_links":{"self":[{"href":"https:\/\/www.glucotab.at\/de\/wp-json\/wp\/v2\/pages\/16493","targetHints":{"allow":["GET"]}}],"collection":[{"href":"https:\/\/www.glucotab.at\/de\/wp-json\/wp\/v2\/pages"}],"about":[{"href":"https:\/\/www.glucotab.at\/de\/wp-json\/wp\/v2\/types\/page"}],"author":[{"embeddable":true,"href":"https:\/\/www.glucotab.at\/de\/wp-json\/wp\/v2\/users\/4"}],"replies":[{"embeddable":true,"href":"https:\/\/www.glucotab.at\/de\/wp-json\/wp\/v2\/comments?post=16493"}],"version-history":[{"count":4,"href":"https:\/\/www.glucotab.at\/de\/wp-json\/wp\/v2\/pages\/16493\/revisions"}],"predecessor-version":[{"id":17631,"href":"https:\/\/www.glucotab.at\/de\/wp-json\/wp\/v2\/pages\/16493\/revisions\/17631"}],"up":[{"embeddable":true,"href":"https:\/\/www.glucotab.at\/de\/wp-json\/wp\/v2\/pages\/16491"}],"wp:attachment":[{"href":"https:\/\/www.glucotab.at\/de\/wp-json\/wp\/v2\/media?parent=16493"}],"curies":[{"name":"wp","href":"https:\/\/api.w.org\/{rel}","templated":true}]}}